{"id":50,"date":"2014-06-04T11:36:25","date_gmt":"2014-06-04T11:36:25","guid":{"rendered":"http:\/\/codienlanh.com\/?page_id=50"},"modified":"2023-11-10T04:38:38","modified_gmt":"2023-11-10T04:38:38","slug":"lien-he","status":"publish","type":"page","link":"https:\/\/codienlanh.com\/en\/lien-he\/","title":{"rendered":"Contact"},"content":{"rendered":"<p><\/p>\n<div class=\"clear\">\n<div class=\"ct_form\">[contact-form-7 id=&#8221;49&#8243; title=&#8221;Contact form 1&#8243;]<\/div>\n<div class=\"map_info\">\n<div class=\"map\"><iframe loading=\"lazy\" style=\"border: 0;\" src=\"https:\/\/www.google.com\/maps\/embed?pb=!1m18!1m12!1m3!1d3918.7033624816822!2d106.66880359999999!3d10.833997799999988!2m3!1f0!2f0!3f0!3m2!1i1024!2i768!4f13.1!3m3!1m2!1s0x31752907640b5367%3A0xbe37e0ccd1f007e7!2zNjM2IFBoYW4gVsSDbiBUcuG7iywgcGjGsOG7nW5nIDEwLCBHw7IgVuG6pXA!5e0!3m2!1sen!2s!4v1401882011267\" width=\"100%\" height=\"260\" frameborder=\"0\"><\/iframe><\/div>\n<h4 class=\"cty_foot\">C\u00d4NG TY TNHH C\u01a0 \u0110I\u1ec6N L\u1ea0NH TU\u1ed4I TR\u1eba (YOCO M&#038;E)<\/h4>\n<p>Address: 636 Phan V\u0103n Tr\u1ecb, P.10, Q.G\u00f2 V\u1ea5p &#8211; Tp. H\u1ed3 Ch\u00ed Minh<br \/>Telephone: 028 3894 1921 &#8211; (Hotline: 0909 169 059 \u2013 Mr.Trung)<br \/>E-Mail: <a href=\"mailto:info@yoco.vn\">info@yoco.vn<\/a><br \/>Facebook: <a href=\"https:\/\/www.facebook.com\/codienlanhtuoitre\">http:\/\/facebook.com<\/a><br \/>Twitter: <a href=\"https:\/\/twitter.com\/yocogroup\">http:\/\/twitter.com<\/a><\/p>\n<\/div>\n<\/div>\n<p><\/p>","protected":false},"excerpt":{"rendered":"<p>[contact-form-7 id=&#8221;49&#8243; title=&#8221;Contact form 1&#8243;] C\u00d4NG TY TNHH C\u01a0 \u0110I\u1ec6N L\u1ea0NH TU\u1ed4I TR\u1eba (YOCO M&#038;E) Address: 636 Phan V\u0103n Tr\u1ecb, P.10, Q.G\u00f2 V\u1ea5p &#8211; Tp. H\u1ed3 Ch\u00ed MinhTelephone: 028 3894 1921 &#8211; (Hotline: 0909 169 059 \u2013 Mr.Trung)E-Mail: info@yoco.vnFacebook: http:\/\/facebook.comTwitter: http:\/\/twitter.com<\/p>\n","protected":false},"author":1,"featured_media":0,"parent":0,"menu_order":0,"comment_status":"open","ping_status":"open","template":"","meta":{"footnotes":""},"class_list":["post-50","page","type-page","status-publish","hentry"],"yoast_head":"<!-- This site is optimized with the Yoast SEO plugin v26.4 - https:\/\/yoast.com\/wordpress\/plugins\/seo\/ -->\n<title>C\u00f4ng ty C\u01a1 \u0110i\u1ec7n L\u1ea1nh Tu\u1ed5i Tr\u1ebb - Nh\u00e0 th\u1ea7u C\u01a1 \u0110i\u1ec7n L\u1ea1nh chuy\u00ean nghi\u1ec7p<\/title>\n<meta name=\"description\" content=\"C\u00f4ng ty C\u01a1 \u0110i\u1ec7n L\u1ea1nh Tu\u1ed5i Tr\u1ebb l\u00e0 nh\u00e0 th\u1ea7u C\u01a1 \u0110i\u1ec7n L\u1ea1nh chuy\u00ean thi\u1ebft k\u1ebf thi c\u00f4ng: H\u1ec7 th\u1ed1ng \u0111i\u1ec1u h\u00f2a kh\u00f4ng kh\u00ed v\u00e0 th\u00f4ng gi\u00f3, h\u1ec7 th\u1ed1ng \u0111i\u1ec7n, c\u1ea5p tho\u00e1t n\u01b0\u1edbc\" \/>\n<meta name=\"robots\" content=\"index, follow, max-snippet:-1, max-image-preview:large, max-video-preview:-1\" \/>\n<link rel=\"canonical\" href=\"https:\/\/codienlanh.com\/lien-he\/\" \/>\n<meta property=\"og:locale\" content=\"en_US\" \/>\n<meta property=\"og:type\" content=\"article\" \/>\n<meta property=\"og:title\" content=\"C\u00f4ng ty C\u01a1 \u0110i\u1ec7n L\u1ea1nh Tu\u1ed5i Tr\u1ebb - Nh\u00e0 th\u1ea7u C\u01a1 \u0110i\u1ec7n L\u1ea1nh chuy\u00ean nghi\u1ec7p\" \/>\n<meta property=\"og:description\" content=\"C\u00f4ng ty C\u01a1 \u0110i\u1ec7n L\u1ea1nh Tu\u1ed5i Tr\u1ebb l\u00e0 nh\u00e0 th\u1ea7u C\u01a1 \u0110i\u1ec7n L\u1ea1nh chuy\u00ean thi\u1ebft k\u1ebf thi c\u00f4ng: H\u1ec7 th\u1ed1ng \u0111i\u1ec1u h\u00f2a kh\u00f4ng kh\u00ed v\u00e0 th\u00f4ng gi\u00f3, h\u1ec7 th\u1ed1ng \u0111i\u1ec7n, c\u1ea5p tho\u00e1t n\u01b0\u1edbc\" \/>\n<meta property=\"og:url\" content=\"https:\/\/codienlanh.com\/lien-he\/\" \/>\n<meta property=\"og:site_name\" content=\"C\u00f4ng ty C\u01a1 \u0110i\u1ec7n L\u1ea1nh Tu\u1ed5i Tr\u1ebb (YOCO M&amp;E)\" \/>\n<meta property=\"article:publisher\" content=\"https:\/\/www.facebook.com\/codienlanhtuoitre\" \/>\n<meta property=\"article:modified_time\" content=\"2023-11-10T04:38:38+00:00\" \/>\n<meta name=\"twitter:card\" content=\"summary_large_image\" \/>\n<meta name=\"twitter:label1\" content=\"Est. reading time\" \/>\n\t<meta name=\"twitter:data1\" content=\"1 minute\" \/>\n<script type=\"application\/ld+json\" class=\"yoast-schema-graph\">{\"@context\":\"https:\/\/schema.org\",\"@graph\":[{\"@type\":\"WebPage\",\"@id\":\"https:\/\/codienlanh.com\/lien-he\/\",\"url\":\"https:\/\/codienlanh.com\/lien-he\/\",\"name\":\"C\u00f4ng ty C\u01a1 \u0110i\u1ec7n L\u1ea1nh Tu\u1ed5i Tr\u1ebb - Nh\u00e0 th\u1ea7u C\u01a1 \u0110i\u1ec7n L\u1ea1nh chuy\u00ean nghi\u1ec7p\",\"isPartOf\":{\"@id\":\"https:\/\/codienlanh.com\/#website\"},\"datePublished\":\"2014-06-04T11:36:25+00:00\",\"dateModified\":\"2023-11-10T04:38:38+00:00\",\"description\":\"C\u00f4ng ty C\u01a1 \u0110i\u1ec7n L\u1ea1nh Tu\u1ed5i Tr\u1ebb l\u00e0 nh\u00e0 th\u1ea7u C\u01a1 \u0110i\u1ec7n L\u1ea1nh chuy\u00ean thi\u1ebft k\u1ebf thi c\u00f4ng: H\u1ec7 th\u1ed1ng \u0111i\u1ec1u h\u00f2a kh\u00f4ng kh\u00ed v\u00e0 th\u00f4ng gi\u00f3, h\u1ec7 th\u1ed1ng \u0111i\u1ec7n, c\u1ea5p tho\u00e1t n\u01b0\u1edbc\",\"breadcrumb\":{\"@id\":\"https:\/\/codienlanh.com\/lien-he\/#breadcrumb\"},\"inLanguage\":\"en-US\",\"potentialAction\":[{\"@type\":\"ReadAction\",\"target\":[\"https:\/\/codienlanh.com\/lien-he\/\"]}]},{\"@type\":\"BreadcrumbList\",\"@id\":\"https:\/\/codienlanh.com\/lien-he\/#breadcrumb\",\"itemListElement\":[{\"@type\":\"ListItem\",\"position\":1,\"name\":\"Home\",\"item\":\"https:\/\/codienlanh.com\/\"},{\"@type\":\"ListItem\",\"position\":2,\"name\":\"Li\u00ean h\u1ec7\"}]},{\"@type\":\"WebSite\",\"@id\":\"https:\/\/codienlanh.com\/#website\",\"url\":\"https:\/\/codienlanh.com\/\",\"name\":\"C\u00f4ng ty C\u01a1 \u0110i\u1ec7n L\u1ea1nh Tu\u1ed5i Tr\u1ebb (YOCO M&amp;E)\",\"description\":\"Nh\u00e0 th\u1ea7u C\u01a1 \u0110i\u1ec7n L\u1ea1nh\",\"potentialAction\":[{\"@type\":\"SearchAction\",\"target\":{\"@type\":\"EntryPoint\",\"urlTemplate\":\"https:\/\/codienlanh.com\/?s={search_term_string}\"},\"query-input\":{\"@type\":\"PropertyValueSpecification\",\"valueRequired\":true,\"valueName\":\"search_term_string\"}}],\"inLanguage\":\"en-US\"}]}<\/script>\n<!-- \/ Yoast SEO plugin. -->","yoast_head_json":{"title":"C\u00f4ng ty C\u01a1 \u0110i\u1ec7n L\u1ea1nh Tu\u1ed5i Tr\u1ebb - Nh\u00e0 th\u1ea7u C\u01a1 \u0110i\u1ec7n L\u1ea1nh chuy\u00ean nghi\u1ec7p","description":"C\u00f4ng ty C\u01a1 \u0110i\u1ec7n L\u1ea1nh Tu\u1ed5i Tr\u1ebb l\u00e0 nh\u00e0 th\u1ea7u C\u01a1 \u0110i\u1ec7n L\u1ea1nh chuy\u00ean thi\u1ebft k\u1ebf thi c\u00f4ng: H\u1ec7 th\u1ed1ng \u0111i\u1ec1u h\u00f2a kh\u00f4ng kh\u00ed v\u00e0 th\u00f4ng gi\u00f3, h\u1ec7 th\u1ed1ng \u0111i\u1ec7n, c\u1ea5p tho\u00e1t n\u01b0\u1edbc","robots":{"index":"index","follow":"follow","max-snippet":"max-snippet:-1","max-image-preview":"max-image-preview:large","max-video-preview":"max-video-preview:-1"},"canonical":"https:\/\/codienlanh.com\/lien-he\/","og_locale":"en_US","og_type":"article","og_title":"C\u00f4ng ty C\u01a1 \u0110i\u1ec7n L\u1ea1nh Tu\u1ed5i Tr\u1ebb - Nh\u00e0 th\u1ea7u C\u01a1 \u0110i\u1ec7n L\u1ea1nh chuy\u00ean nghi\u1ec7p","og_description":"C\u00f4ng ty C\u01a1 \u0110i\u1ec7n L\u1ea1nh Tu\u1ed5i Tr\u1ebb l\u00e0 nh\u00e0 th\u1ea7u C\u01a1 \u0110i\u1ec7n L\u1ea1nh chuy\u00ean thi\u1ebft k\u1ebf thi c\u00f4ng: H\u1ec7 th\u1ed1ng \u0111i\u1ec1u h\u00f2a kh\u00f4ng kh\u00ed v\u00e0 th\u00f4ng gi\u00f3, h\u1ec7 th\u1ed1ng \u0111i\u1ec7n, c\u1ea5p tho\u00e1t n\u01b0\u1edbc","og_url":"https:\/\/codienlanh.com\/lien-he\/","og_site_name":"C\u00f4ng ty C\u01a1 \u0110i\u1ec7n L\u1ea1nh Tu\u1ed5i Tr\u1ebb (YOCO M&amp;E)","article_publisher":"https:\/\/www.facebook.com\/codienlanhtuoitre","article_modified_time":"2023-11-10T04:38:38+00:00","twitter_card":"summary_large_image","twitter_misc":{"Est. reading time":"1 minute"},"schema":{"@context":"https:\/\/schema.org","@graph":[{"@type":"WebPage","@id":"https:\/\/codienlanh.com\/lien-he\/","url":"https:\/\/codienlanh.com\/lien-he\/","name":"C\u00f4ng ty C\u01a1 \u0110i\u1ec7n L\u1ea1nh Tu\u1ed5i Tr\u1ebb - Nh\u00e0 th\u1ea7u C\u01a1 \u0110i\u1ec7n L\u1ea1nh chuy\u00ean nghi\u1ec7p","isPartOf":{"@id":"https:\/\/codienlanh.com\/#website"},"datePublished":"2014-06-04T11:36:25+00:00","dateModified":"2023-11-10T04:38:38+00:00","description":"C\u00f4ng ty C\u01a1 \u0110i\u1ec7n L\u1ea1nh Tu\u1ed5i Tr\u1ebb l\u00e0 nh\u00e0 th\u1ea7u C\u01a1 \u0110i\u1ec7n L\u1ea1nh chuy\u00ean thi\u1ebft k\u1ebf thi c\u00f4ng: H\u1ec7 th\u1ed1ng \u0111i\u1ec1u h\u00f2a kh\u00f4ng kh\u00ed v\u00e0 th\u00f4ng gi\u00f3, h\u1ec7 th\u1ed1ng \u0111i\u1ec7n, c\u1ea5p tho\u00e1t n\u01b0\u1edbc","breadcrumb":{"@id":"https:\/\/codienlanh.com\/lien-he\/#breadcrumb"},"inLanguage":"en-US","potentialAction":[{"@type":"ReadAction","target":["https:\/\/codienlanh.com\/lien-he\/"]}]},{"@type":"BreadcrumbList","@id":"https:\/\/codienlanh.com\/lien-he\/#breadcrumb","itemListElement":[{"@type":"ListItem","position":1,"name":"Home","item":"https:\/\/codienlanh.com\/"},{"@type":"ListItem","position":2,"name":"Li\u00ean h\u1ec7"}]},{"@type":"WebSite","@id":"https:\/\/codienlanh.com\/#website","url":"https:\/\/codienlanh.com\/","name":"C\u00f4ng ty C\u01a1 \u0110i\u1ec7n L\u1ea1nh Tu\u1ed5i Tr\u1ebb (YOCO M&amp;E)","description":"Nh\u00e0 th\u1ea7u C\u01a1 \u0110i\u1ec7n L\u1ea1nh","potentialAction":[{"@type":"SearchAction","target":{"@type":"EntryPoint","urlTemplate":"https:\/\/codienlanh.com\/?s={search_term_string}"},"query-input":{"@type":"PropertyValueSpecification","valueRequired":true,"valueName":"search_term_string"}}],"inLanguage":"en-US"}]}},"_links":{"self":[{"href":"https:\/\/codienlanh.com\/en\/wp-json\/wp\/v2\/pages\/50","targetHints":{"allow":["GET"]}}],"collection":[{"href":"https:\/\/codienlanh.com\/en\/wp-json\/wp\/v2\/pages"}],"about":[{"href":"https:\/\/codienlanh.com\/en\/wp-json\/wp\/v2\/types\/page"}],"author":[{"embeddable":true,"href":"https:\/\/codienlanh.com\/en\/wp-json\/wp\/v2\/users\/1"}],"replies":[{"embeddable":true,"href":"https:\/\/codienlanh.com\/en\/wp-json\/wp\/v2\/comments?post=50"}],"version-history":[{"count":12,"href":"https:\/\/codienlanh.com\/en\/wp-json\/wp\/v2\/pages\/50\/revisions"}],"predecessor-version":[{"id":5638,"href":"https:\/\/codienlanh.com\/en\/wp-json\/wp\/v2\/pages\/50\/revisions\/5638"}],"wp:attachment":[{"href":"https:\/\/codienlanh.com\/en\/wp-json\/wp\/v2\/media?parent=50"}],"curies":[{"name":"wp","href":"https:\/\/api.w.org\/{rel}","templated":true}]}}