{"id":2,"date":"2014-05-15T09:34:11","date_gmt":"2014-05-15T09:34:11","guid":{"rendered":"http:\/\/codienlanh.com\/?page_id=2"},"modified":"2023-11-10T04:40:50","modified_gmt":"2023-11-10T04:40:50","slug":"gioi-thieu","status":"publish","type":"page","link":"https:\/\/codienlanh.com\/en\/gioi-thieu\/","title":{"rendered":"Gi\u1edbi thi\u1ec7u"},"content":{"rendered":"<p>C\u00f4ng ty TNHH C\u01a1 \u0110i\u1ec7n L\u1ea1nh Tu\u1ed5i Tr\u1ebb (YOCO M&amp;E) l\u00e0 nh\u00e0 th\u1ea7u C\u01a1 \u0110i\u1ec7n L\u1ea1nh \u0111\u01b0\u1ee3c th\u00e0nh l\u1eadp n\u0103m 2008. Chuy\u00ean thi\u1ebft k\u1ebf v\u00e0 thi c\u00f4ng h\u1ec7 th\u1ed1ng C\u01a1 \u0110i\u1ec7n L\u1ea1nh v\u1edbi c\u00e1c h\u1ea1ng m\u1ee5c nh\u01b0: H\u1ec7 th\u1ed1ng \u0111i\u1ec1u h\u00f2a kh\u00f4ng kh\u00ed v\u00e0 th\u00f4ng gi\u00f3, h\u1ec7 th\u1ed1ng \u0111i\u1ec7n chi\u1ebfu s\u00e1ng, h\u1ec7 th\u1ed1ng \u0111i\u1ec7n \u0111\u1ed9ng l\u1ef1c, C\u1ea5p tho\u00e1t n\u01b0\u1edbc, Ph\u00f2ng ch\u00e1y ch\u1eefa ch\u00e1y v\u00e0 Cung \u1ee9ng v\u1eadt t\u01b0 chuy\u00ean ng\u00e0nh C\u01a1 \u0110i\u1ec7n L\u1ea1nh.<\/p>\n<p>V\u1edbi ph\u01b0\u01a1ng ch\u00e2m \u201cUy t\u00edn c\u1ee7a doanh nghi\u1ec7p l\u00e0 c\u1ed1t l\u00f5i c\u1ee7a s\u1ef1 ph\u00e1t tri\u1ec3n, s\u1ef1 t\u00edn nhi\u1ec7m c\u1ee7a kh\u00e1ch h\u00e0ng l\u00e0 th\u01b0\u1edbc \u0111o cho s\u1ef1 t\u1ed3n t\u1ea1i l\u00e2u d\u00e0i c\u1ee7a C\u00f4ng ty\u201d n\u00ean ngay t\u1eeb nh\u1eefng ng\u00e0y \u0111\u1ea7u th\u00e0nh l\u1eadp YOCO M&amp;E \u0111\u00e3 \u0111\u1eb7t l\u1ee3i \u00edch c\u1ee7a kh\u00e1ch h\u00e0ng ngang b\u1eb1ng v\u1edbi l\u1ee3i \u00edch c\u1ee7a c\u00f4ng ty, \u0111\u1ed3ng th\u1eddi l\u1ea5y y\u1ebfu t\u1ed1 nh\u00e2n s\u1ef1 l\u00e0m n\u00f2ng c\u1ed1t cho s\u1ef1 ph\u00e1t tri\u1ec3n.<\/p>\n<p>Th\u1eddi gian qua YOCO M&amp;E \u0111\u00e3 h\u1ee3p t\u00e1c v\u1edbi nhi\u1ec1u c\u00f4ng ty nh\u01b0: Kh\u00e1ch s\u1ea1n Rex, PVcomBank, Sabeco, Pomina, Vinasoy, Thaco, HD Bank, Nagakawa, Ong &amp; Ong\u2026v\u00e0 nh\u1eadn \u0111\u01b0\u1ee3c nh\u1eefng ph\u1ea3n h\u1ed3i t\u00edch c\u1ef1c t\u1eeb ph\u00eda \u0111\u1ed1i t\u00e1c.<\/p>\n<p>\u0110\u1ebfn v\u1edbi ch\u00fang t\u00f4i, b\u1ea1n s\u1ebd c\u1ea3m nh\u1eadn \u0111\u01b0\u1ee3c m\u00f4i tr\u01b0\u1eddng l\u00e0m vi\u1ec7c chuy\u00ean nghi\u1ec7p, s\u1ef1 nhi\u1ec7t t\u00ecnh c\u1ee7a \u201cTu\u1ed5i tr\u1ebb\u201d. Cam k\u1ebft mang \u0111\u1ebfn cho b\u1ea1n m\u1ed9t c\u00f4ng tr\u00ecnh ch\u1ea5t l\u01b0\u1ee3ng, th\u1ea9m m\u1ef9 v\u00e0 kinh t\u1ebf nh\u1ea5t.<\/p>\n<p>Tr\u00e2n tr\u1ecdng,<br \/>\nYOCO M&amp;E<\/p>","protected":false},"excerpt":{"rendered":"<p>C\u00f4ng ty TNHH C\u01a1 \u0110i\u1ec7n L\u1ea1nh Tu\u1ed5i Tr\u1ebb (YOCO M&amp;E) l\u00e0 nh\u00e0 th\u1ea7u C\u01a1 \u0110i\u1ec7n L\u1ea1nh \u0111\u01b0\u1ee3c th\u00e0nh l\u1eadp n\u0103m 2008. Chuy\u00ean thi\u1ebft k\u1ebf v\u00e0 thi c\u00f4ng h\u1ec7 th\u1ed1ng C\u01a1 \u0110i\u1ec7n L\u1ea1nh v\u1edbi c\u00e1c h\u1ea1ng m\u1ee5c nh\u01b0: H\u1ec7 th\u1ed1ng \u0111i\u1ec1u h\u00f2a kh\u00f4ng kh\u00ed v\u00e0 th\u00f4ng gi\u00f3, h\u1ec7 th\u1ed1ng \u0111i\u1ec7n chi\u1ebfu s\u00e1ng, h\u1ec7 th\u1ed1ng \u0111i\u1ec7n \u0111\u1ed9ng<\/p>\n","protected":false},"author":1,"featured_media":302,"parent":0,"menu_order":0,"comment_status":"open","ping_status":"open","template":"","meta":{"footnotes":""},"class_list":["post-2","page","type-page","status-publish","has-post-thumbnail","hentry"],"yoast_head":"<!-- This site is optimized with the Yoast SEO plugin v26.4 - https:\/\/yoast.com\/wordpress\/plugins\/seo\/ -->\n<title>C\u00f4ng ty C\u01a1 \u0110i\u1ec7n L\u1ea1nh Tu\u1ed5i Tr\u1ebb - Nh\u00e0 th\u1ea7u C\u01a1 \u0110i\u1ec7n L\u1ea1nh chuy\u00ean nghi\u1ec7p<\/title>\n<meta name=\"description\" content=\"C\u00f4ng ty C\u01a1 \u0110i\u1ec7n L\u1ea1nh Tu\u1ed5i Tr\u1ebb l\u00e0 nh\u00e0 th\u1ea7u C\u01a1 \u0110i\u1ec7n L\u1ea1nh chuy\u00ean thi\u1ebft k\u1ebf thi c\u00f4ng: H\u1ec7 th\u1ed1ng \u0111i\u1ec1u h\u00f2a kh\u00f4ng kh\u00ed v\u00e0 th\u00f4ng gi\u00f3, h\u1ec7 th\u1ed1ng \u0111i\u1ec7n, c\u1ea5p tho\u00e1t n\u01b0\u1edbc\" \/>\n<meta name=\"robots\" content=\"index, follow, max-snippet:-1, max-image-preview:large, max-video-preview:-1\" \/>\n<link rel=\"canonical\" href=\"https:\/\/codienlanh.com\/gioi-thieu\/\" \/>\n<meta property=\"og:locale\" content=\"en_US\" \/>\n<meta property=\"og:type\" content=\"article\" \/>\n<meta property=\"og:title\" content=\"C\u00f4ng ty C\u01a1 \u0110i\u1ec7n L\u1ea1nh Tu\u1ed5i Tr\u1ebb - Nh\u00e0 th\u1ea7u C\u01a1 \u0110i\u1ec7n L\u1ea1nh chuy\u00ean nghi\u1ec7p\" \/>\n<meta property=\"og:description\" content=\"C\u00f4ng ty C\u01a1 \u0110i\u1ec7n L\u1ea1nh Tu\u1ed5i Tr\u1ebb l\u00e0 nh\u00e0 th\u1ea7u C\u01a1 \u0110i\u1ec7n L\u1ea1nh chuy\u00ean thi\u1ebft k\u1ebf thi c\u00f4ng: H\u1ec7 th\u1ed1ng \u0111i\u1ec1u h\u00f2a kh\u00f4ng kh\u00ed v\u00e0 th\u00f4ng gi\u00f3, h\u1ec7 th\u1ed1ng \u0111i\u1ec7n, c\u1ea5p tho\u00e1t n\u01b0\u1edbc\" \/>\n<meta property=\"og:url\" content=\"https:\/\/codienlanh.com\/gioi-thieu\/\" \/>\n<meta property=\"og:site_name\" content=\"C\u00f4ng ty C\u01a1 \u0110i\u1ec7n L\u1ea1nh Tu\u1ed5i Tr\u1ebb (YOCO M&amp;E)\" \/>\n<meta property=\"article:publisher\" content=\"https:\/\/www.facebook.com\/codienlanhtuoitre\" \/>\n<meta property=\"article:modified_time\" content=\"2023-11-10T04:40:50+00:00\" \/>\n<meta property=\"og:image\" content=\"https:\/\/codienlanh.com\/wp-content\/uploads\/2014\/05\/Happy-Business-People-Thumbs-Up1-1024x682.jpg\" \/>\n\t<meta property=\"og:image:width\" content=\"1024\" \/>\n\t<meta property=\"og:image:height\" content=\"682\" \/>\n\t<meta property=\"og:image:type\" content=\"image\/jpeg\" \/>\n<meta name=\"twitter:card\" content=\"summary_large_image\" \/>\n<meta name=\"twitter:label1\" content=\"Est. reading time\" \/>\n\t<meta name=\"twitter:data1\" content=\"2 minutes\" \/>\n<script type=\"application\/ld+json\" class=\"yoast-schema-graph\">{\"@context\":\"https:\/\/schema.org\",\"@graph\":[{\"@type\":\"WebPage\",\"@id\":\"https:\/\/codienlanh.com\/gioi-thieu\/\",\"url\":\"https:\/\/codienlanh.com\/gioi-thieu\/\",\"name\":\"C\u00f4ng ty C\u01a1 \u0110i\u1ec7n L\u1ea1nh Tu\u1ed5i Tr\u1ebb - Nh\u00e0 th\u1ea7u C\u01a1 \u0110i\u1ec7n L\u1ea1nh chuy\u00ean nghi\u1ec7p\",\"isPartOf\":{\"@id\":\"https:\/\/codienlanh.com\/#website\"},\"primaryImageOfPage\":{\"@id\":\"https:\/\/codienlanh.com\/gioi-thieu\/#primaryimage\"},\"image\":{\"@id\":\"https:\/\/codienlanh.com\/gioi-thieu\/#primaryimage\"},\"thumbnailUrl\":\"https:\/\/codienlanh.com\/wp-content\/uploads\/2014\/05\/Happy-Business-People-Thumbs-Up1-1024x682.jpg\",\"datePublished\":\"2014-05-15T09:34:11+00:00\",\"dateModified\":\"2023-11-10T04:40:50+00:00\",\"description\":\"C\u00f4ng ty C\u01a1 \u0110i\u1ec7n L\u1ea1nh Tu\u1ed5i Tr\u1ebb l\u00e0 nh\u00e0 th\u1ea7u C\u01a1 \u0110i\u1ec7n L\u1ea1nh chuy\u00ean thi\u1ebft k\u1ebf thi c\u00f4ng: H\u1ec7 th\u1ed1ng \u0111i\u1ec1u h\u00f2a kh\u00f4ng kh\u00ed v\u00e0 th\u00f4ng gi\u00f3, h\u1ec7 th\u1ed1ng \u0111i\u1ec7n, c\u1ea5p tho\u00e1t n\u01b0\u1edbc\",\"breadcrumb\":{\"@id\":\"https:\/\/codienlanh.com\/gioi-thieu\/#breadcrumb\"},\"inLanguage\":\"en-US\",\"potentialAction\":[{\"@type\":\"ReadAction\",\"target\":[\"https:\/\/codienlanh.com\/gioi-thieu\/\"]}]},{\"@type\":\"ImageObject\",\"inLanguage\":\"en-US\",\"@id\":\"https:\/\/codienlanh.com\/gioi-thieu\/#primaryimage\",\"url\":\"https:\/\/codienlanh.com\/wp-content\/uploads\/2014\/05\/Happy-Business-People-Thumbs-Up1-1024x682.jpg\",\"contentUrl\":\"https:\/\/codienlanh.com\/wp-content\/uploads\/2014\/05\/Happy-Business-People-Thumbs-Up1-1024x682.jpg\",\"width\":1024,\"height\":682,\"caption\":\"C\u00f4ng ty C\u01a1 \u0110i\u1ec7n L\u1ea1nh Tu\u1ed5i Tr\u1ebb (YOCO M&E) chuy\u00ean thi\u1ebft k\u1ebf v\u00e0 thi c\u00f4ng c\u00e1c h\u1ec7 th\u1ed1ng c\u01a1 \u0111i\u1ec7n l\u1ea1nh.\"},{\"@type\":\"BreadcrumbList\",\"@id\":\"https:\/\/codienlanh.com\/gioi-thieu\/#breadcrumb\",\"itemListElement\":[{\"@type\":\"ListItem\",\"position\":1,\"name\":\"Home\",\"item\":\"https:\/\/codienlanh.com\/\"},{\"@type\":\"ListItem\",\"position\":2,\"name\":\"Gi\u1edbi thi\u1ec7u\"}]},{\"@type\":\"WebSite\",\"@id\":\"https:\/\/codienlanh.com\/#website\",\"url\":\"https:\/\/codienlanh.com\/\",\"name\":\"C\u00f4ng ty C\u01a1 \u0110i\u1ec7n L\u1ea1nh Tu\u1ed5i Tr\u1ebb (YOCO M&amp;E)\",\"description\":\"Nh\u00e0 th\u1ea7u C\u01a1 \u0110i\u1ec7n L\u1ea1nh\",\"potentialAction\":[{\"@type\":\"SearchAction\",\"target\":{\"@type\":\"EntryPoint\",\"urlTemplate\":\"https:\/\/codienlanh.com\/?s={search_term_string}\"},\"query-input\":{\"@type\":\"PropertyValueSpecification\",\"valueRequired\":true,\"valueName\":\"search_term_string\"}}],\"inLanguage\":\"en-US\"}]}<\/script>\n<!-- \/ Yoast SEO plugin. -->","yoast_head_json":{"title":"C\u00f4ng ty C\u01a1 \u0110i\u1ec7n L\u1ea1nh Tu\u1ed5i Tr\u1ebb - Nh\u00e0 th\u1ea7u C\u01a1 \u0110i\u1ec7n L\u1ea1nh chuy\u00ean nghi\u1ec7p","description":"C\u00f4ng ty C\u01a1 \u0110i\u1ec7n L\u1ea1nh Tu\u1ed5i Tr\u1ebb l\u00e0 nh\u00e0 th\u1ea7u C\u01a1 \u0110i\u1ec7n L\u1ea1nh chuy\u00ean thi\u1ebft k\u1ebf thi c\u00f4ng: H\u1ec7 th\u1ed1ng \u0111i\u1ec1u h\u00f2a kh\u00f4ng kh\u00ed v\u00e0 th\u00f4ng gi\u00f3, h\u1ec7 th\u1ed1ng \u0111i\u1ec7n, c\u1ea5p tho\u00e1t n\u01b0\u1edbc","robots":{"index":"index","follow":"follow","max-snippet":"max-snippet:-1","max-image-preview":"max-image-preview:large","max-video-preview":"max-video-preview:-1"},"canonical":"https:\/\/codienlanh.com\/gioi-thieu\/","og_locale":"en_US","og_type":"article","og_title":"C\u00f4ng ty C\u01a1 \u0110i\u1ec7n L\u1ea1nh Tu\u1ed5i Tr\u1ebb - Nh\u00e0 th\u1ea7u C\u01a1 \u0110i\u1ec7n L\u1ea1nh chuy\u00ean nghi\u1ec7p","og_description":"C\u00f4ng ty C\u01a1 \u0110i\u1ec7n L\u1ea1nh Tu\u1ed5i Tr\u1ebb l\u00e0 nh\u00e0 th\u1ea7u C\u01a1 \u0110i\u1ec7n L\u1ea1nh chuy\u00ean thi\u1ebft k\u1ebf thi c\u00f4ng: H\u1ec7 th\u1ed1ng \u0111i\u1ec1u h\u00f2a kh\u00f4ng kh\u00ed v\u00e0 th\u00f4ng gi\u00f3, h\u1ec7 th\u1ed1ng \u0111i\u1ec7n, c\u1ea5p tho\u00e1t n\u01b0\u1edbc","og_url":"https:\/\/codienlanh.com\/gioi-thieu\/","og_site_name":"C\u00f4ng ty C\u01a1 \u0110i\u1ec7n L\u1ea1nh Tu\u1ed5i Tr\u1ebb (YOCO M&amp;E)","article_publisher":"https:\/\/www.facebook.com\/codienlanhtuoitre","article_modified_time":"2023-11-10T04:40:50+00:00","og_image":[{"width":1024,"height":682,"url":"https:\/\/codienlanh.com\/wp-content\/uploads\/2014\/05\/Happy-Business-People-Thumbs-Up1-1024x682.jpg","type":"image\/jpeg"}],"twitter_card":"summary_large_image","twitter_misc":{"Est. reading time":"2 minutes"},"schema":{"@context":"https:\/\/schema.org","@graph":[{"@type":"WebPage","@id":"https:\/\/codienlanh.com\/gioi-thieu\/","url":"https:\/\/codienlanh.com\/gioi-thieu\/","name":"C\u00f4ng ty C\u01a1 \u0110i\u1ec7n L\u1ea1nh Tu\u1ed5i Tr\u1ebb - Nh\u00e0 th\u1ea7u C\u01a1 \u0110i\u1ec7n L\u1ea1nh chuy\u00ean nghi\u1ec7p","isPartOf":{"@id":"https:\/\/codienlanh.com\/#website"},"primaryImageOfPage":{"@id":"https:\/\/codienlanh.com\/gioi-thieu\/#primaryimage"},"image":{"@id":"https:\/\/codienlanh.com\/gioi-thieu\/#primaryimage"},"thumbnailUrl":"https:\/\/codienlanh.com\/wp-content\/uploads\/2014\/05\/Happy-Business-People-Thumbs-Up1-1024x682.jpg","datePublished":"2014-05-15T09:34:11+00:00","dateModified":"2023-11-10T04:40:50+00:00","description":"C\u00f4ng ty C\u01a1 \u0110i\u1ec7n L\u1ea1nh Tu\u1ed5i Tr\u1ebb l\u00e0 nh\u00e0 th\u1ea7u C\u01a1 \u0110i\u1ec7n L\u1ea1nh chuy\u00ean thi\u1ebft k\u1ebf thi c\u00f4ng: H\u1ec7 th\u1ed1ng \u0111i\u1ec1u h\u00f2a kh\u00f4ng kh\u00ed v\u00e0 th\u00f4ng gi\u00f3, h\u1ec7 th\u1ed1ng \u0111i\u1ec7n, c\u1ea5p tho\u00e1t n\u01b0\u1edbc","breadcrumb":{"@id":"https:\/\/codienlanh.com\/gioi-thieu\/#breadcrumb"},"inLanguage":"en-US","potentialAction":[{"@type":"ReadAction","target":["https:\/\/codienlanh.com\/gioi-thieu\/"]}]},{"@type":"ImageObject","inLanguage":"en-US","@id":"https:\/\/codienlanh.com\/gioi-thieu\/#primaryimage","url":"https:\/\/codienlanh.com\/wp-content\/uploads\/2014\/05\/Happy-Business-People-Thumbs-Up1-1024x682.jpg","contentUrl":"https:\/\/codienlanh.com\/wp-content\/uploads\/2014\/05\/Happy-Business-People-Thumbs-Up1-1024x682.jpg","width":1024,"height":682,"caption":"C\u00f4ng ty C\u01a1 \u0110i\u1ec7n L\u1ea1nh Tu\u1ed5i Tr\u1ebb (YOCO M&E) chuy\u00ean thi\u1ebft k\u1ebf v\u00e0 thi c\u00f4ng c\u00e1c h\u1ec7 th\u1ed1ng c\u01a1 \u0111i\u1ec7n l\u1ea1nh."},{"@type":"BreadcrumbList","@id":"https:\/\/codienlanh.com\/gioi-thieu\/#breadcrumb","itemListElement":[{"@type":"ListItem","position":1,"name":"Home","item":"https:\/\/codienlanh.com\/"},{"@type":"ListItem","position":2,"name":"Gi\u1edbi thi\u1ec7u"}]},{"@type":"WebSite","@id":"https:\/\/codienlanh.com\/#website","url":"https:\/\/codienlanh.com\/","name":"C\u00f4ng ty C\u01a1 \u0110i\u1ec7n L\u1ea1nh Tu\u1ed5i Tr\u1ebb (YOCO M&amp;E)","description":"Nh\u00e0 th\u1ea7u C\u01a1 \u0110i\u1ec7n L\u1ea1nh","potentialAction":[{"@type":"SearchAction","target":{"@type":"EntryPoint","urlTemplate":"https:\/\/codienlanh.com\/?s={search_term_string}"},"query-input":{"@type":"PropertyValueSpecification","valueRequired":true,"valueName":"search_term_string"}}],"inLanguage":"en-US"}]}},"_links":{"self":[{"href":"https:\/\/codienlanh.com\/en\/wp-json\/wp\/v2\/pages\/2","targetHints":{"allow":["GET"]}}],"collection":[{"href":"https:\/\/codienlanh.com\/en\/wp-json\/wp\/v2\/pages"}],"about":[{"href":"https:\/\/codienlanh.com\/en\/wp-json\/wp\/v2\/types\/page"}],"author":[{"embeddable":true,"href":"https:\/\/codienlanh.com\/en\/wp-json\/wp\/v2\/users\/1"}],"replies":[{"embeddable":true,"href":"https:\/\/codienlanh.com\/en\/wp-json\/wp\/v2\/comments?post=2"}],"version-history":[{"count":10,"href":"https:\/\/codienlanh.com\/en\/wp-json\/wp\/v2\/pages\/2\/revisions"}],"predecessor-version":[{"id":5634,"href":"https:\/\/codienlanh.com\/en\/wp-json\/wp\/v2\/pages\/2\/revisions\/5634"}],"wp:featuredmedia":[{"embeddable":true,"href":"https:\/\/codienlanh.com\/en\/wp-json\/wp\/v2\/media\/302"}],"wp:attachment":[{"href":"https:\/\/codienlanh.com\/en\/wp-json\/wp\/v2\/media?parent=2"}],"curies":[{"name":"wp","href":"https:\/\/api.w.org\/{rel}","templated":true}]}}